{"id":2999,"date":"2023-11-09T16:03:11","date_gmt":"2023-11-09T16:03:11","guid":{"rendered":"https:\/\/www.foodsovereignty.org\/?page_id=2999"},"modified":"2024-02-02T15:45:23","modified_gmt":"2024-02-02T15:45:23","slug":"privacy-policy","status":"publish","type":"page","link":"https:\/\/www.foodsovereignty.org\/es\/privacy-policy\/","title":{"rendered":"Pol\u00edtica de privacidad"},"content":{"rendered":"<h3>Qu\u00e9 son las cookies<\/h3>\n<p>Como es pr\u00e1ctica com\u00fan en casi todos los sitios web profesionales, este sitio utiliza cookies, que son peque\u00f1os archivos descargados en su ordenador, para mejorar su experiencia. Esta p\u00e1gina describe la informaci\u00f3n que recopilan, c\u00f3mo la utilizamos y por qu\u00e9 a veces necesitamos almacenar estas cookies. Tambi\u00e9n le explicaremos c\u00f3mo puede evitar que se almacenen estas cookies, pero esto puede provocar una degradaci\u00f3n o la interrupci\u00f3n de algunas funciones del sitio.<\/p>\n<p>Para obtener informaci\u00f3n m\u00e1s general sobre las cookies, consulte el art\u00edculo de Wikipedia sobre las cookies HTTP&#8230;<\/p>\n<h3>C\u00f3mo utilizamos las cookies<\/h3>\n<p>Utilizamos cookies por diversas razones, como se detalla a continuaci\u00f3n. Desafortunadamente, en la mayor\u00eda de los casos, no existen opciones est\u00e1ndar de la industria para deshabilitar las cookies sin deshabilitar completamente las funciones y caracter\u00edsticas que a\u00f1aden a este sitio. Se recomienda dejar todas las cookies activadas si no est\u00e1 seguro de si las necesita o no, en caso de que se utilicen para proporcionar un servicio que utiliza.<\/p>\n<h3>Deshabilitar las cookies<\/h3>\n<p>Puede evitar la configuraci\u00f3n de cookies ajustando la configuraci\u00f3n de su navegador (consulte la ayuda de su navegador para saber c\u00f3mo hacerlo). Tenga en cuenta que deshabilitar las cookies afectar\u00e1 la funcionalidad de este sitio y de muchos otros sitios web que visite. La deshabilitaci\u00f3n de las cookies suele provocar tambi\u00e9n la deshabilitaci\u00f3n de algunas funciones y caracter\u00edsticas de este sitio. Por lo tanto, se recomienda no deshabilitar las cookies.<\/p>\n<h3>Las cookies que utilizamos<\/h3>\n<p>Para ofrecerle una excelente experiencia en este sitio, ofrecemos la posibilidad de configurar sus preferencias para el funcionamiento de este sitio cuando lo utiliza. Para recordar sus preferencias, debemos configurar cookies para que esta informaci\u00f3n pueda ser llamada cada vez que interact\u00fae con una p\u00e1gina afectada por sus preferencias.<\/p>\n<h3>Cookies de terceros<\/h3>\n<p>En algunos casos particulares, tambi\u00e9n utilizamos cookies proporcionadas por terceros de confianza. La siguiente secci\u00f3n detalla las cookies de terceros que podr\u00eda encontrar en este sitio.<\/p>\n<h3>M\u00e1s informaci\u00f3n<\/h3>\n<p>Esperamos que esto aclare las cosas para usted, como se mencion\u00f3 anteriormente. Si no est\u00e1 seguro de si necesita algo, generalmente es m\u00e1s seguro dejar las cookies activadas en caso de que interact\u00faen con una de las funciones que utiliza en nuestro sitio. Sin embargo, si a\u00fan busca m\u00e1s informaci\u00f3n, puede ponerse en contacto con nosotros a trav\u00e9s de uno de nuestros m\u00e9todos de contacto preferidos.<\/p>\n<p>Correo electr\u00f3nico: <a target=\"_new\" rel=\"noopener\">ipc-cip@foodsovereignty.org<\/a><\/p>\n","protected":false},"excerpt":{"rendered":"<p>Qu\u00e9 son las cookies Como es pr\u00e1ctica com\u00fan en casi todos los sitios web profesionales, este sitio utiliza cookies, que son peque\u00f1os archivos descargados en su ordenador, para mejorar su experiencia. Esta p\u00e1gina describe la informaci\u00f3n que recopilan, c\u00f3mo la utilizamos y por qu\u00e9 a veces necesitamos almacenar estas cookies. Tambi\u00e9n le explicaremos c\u00f3mo puede [&hellip;]<\/p>\n","protected":false},"author":1,"featured_media":0,"parent":0,"menu_order":0,"comment_status":"closed","ping_status":"open","template":"","meta":{"_acf_changed":false,"footnotes":""},"class_list":["post-2999","page","type-page","status-publish","hentry"],"acf":[],"yoast_head":"<!-- This site is optimized with the Yoast SEO plugin v27.4 - https:\/\/yoast.com\/product\/yoast-seo-wordpress\/ -->\n<title>Pol\u00edtica de privacidad - International Planning Committee for Food Sovereignty (IPC)<\/title>\n<meta name=\"robots\" content=\"index, follow, max-snippet:-1, max-image-preview:large, max-video-preview:-1\" \/>\n<link rel=\"canonical\" href=\"https:\/\/www.foodsovereignty.org\/es\/privacy-policy\/\" \/>\n<meta property=\"og:locale\" content=\"es_ES\" \/>\n<meta property=\"og:type\" content=\"article\" \/>\n<meta property=\"og:title\" content=\"Pol\u00edtica de privacidad - International Planning Committee for Food Sovereignty (IPC)\" \/>\n<meta property=\"og:description\" content=\"Qu\u00e9 son las cookies Como es pr\u00e1ctica com\u00fan en casi todos los sitios web profesionales, este sitio utiliza cookies, que son peque\u00f1os archivos descargados en su ordenador, para mejorar su experiencia. Esta p\u00e1gina describe la informaci\u00f3n que recopilan, c\u00f3mo la utilizamos y por qu\u00e9 a veces necesitamos almacenar estas cookies. Tambi\u00e9n le explicaremos c\u00f3mo puede [&hellip;]\" \/>\n<meta property=\"og:url\" content=\"https:\/\/www.foodsovereignty.org\/es\/privacy-policy\/\" \/>\n<meta property=\"og:site_name\" content=\"International Planning Committee for Food Sovereignty (IPC)\" \/>\n<meta property=\"article:modified_time\" content=\"2024-02-02T15:45:23+00:00\" \/>\n<meta name=\"twitter:card\" content=\"summary_large_image\" \/>\n<meta name=\"twitter:label1\" content=\"Tiempo de lectura\" \/>\n\t<meta name=\"twitter:data1\" content=\"2 minutos\" \/>\n<script type=\"application\/ld+json\" class=\"yoast-schema-graph\">{\"@context\":\"https:\\\/\\\/schema.org\",\"@graph\":[{\"@type\":\"WebPage\",\"@id\":\"https:\\\/\\\/www.foodsovereignty.org\\\/es\\\/privacy-policy\\\/\",\"url\":\"https:\\\/\\\/www.foodsovereignty.org\\\/es\\\/privacy-policy\\\/\",\"name\":\"Pol\u00edtica de privacidad - International Planning Committee for Food Sovereignty (IPC)\",\"isPartOf\":{\"@id\":\"https:\\\/\\\/www.foodsovereignty.org\\\/es\\\/#website\"},\"datePublished\":\"2023-11-09T16:03:11+00:00\",\"dateModified\":\"2024-02-02T15:45:23+00:00\",\"breadcrumb\":{\"@id\":\"https:\\\/\\\/www.foodsovereignty.org\\\/es\\\/privacy-policy\\\/#breadcrumb\"},\"inLanguage\":\"es\",\"potentialAction\":[{\"@type\":\"ReadAction\",\"target\":[\"https:\\\/\\\/www.foodsovereignty.org\\\/es\\\/privacy-policy\\\/\"]}]},{\"@type\":\"BreadcrumbList\",\"@id\":\"https:\\\/\\\/www.foodsovereignty.org\\\/es\\\/privacy-policy\\\/#breadcrumb\",\"itemListElement\":[{\"@type\":\"ListItem\",\"position\":1,\"name\":\"Home\",\"item\":\"https:\\\/\\\/www.foodsovereignty.org\\\/es\\\/\"},{\"@type\":\"ListItem\",\"position\":2,\"name\":\"Pol\u00edtica de privacidad\"}]},{\"@type\":\"WebSite\",\"@id\":\"https:\\\/\\\/www.foodsovereignty.org\\\/es\\\/#website\",\"url\":\"https:\\\/\\\/www.foodsovereignty.org\\\/es\\\/\",\"name\":\"International Planning Committee for Food Sovereignty (IPC)\",\"description\":\"\",\"potentialAction\":[{\"@type\":\"SearchAction\",\"target\":{\"@type\":\"EntryPoint\",\"urlTemplate\":\"https:\\\/\\\/www.foodsovereignty.org\\\/es\\\/?s={search_term_string}\"},\"query-input\":{\"@type\":\"PropertyValueSpecification\",\"valueRequired\":true,\"valueName\":\"search_term_string\"}}],\"inLanguage\":\"es\"}]}<\/script>\n<!-- \/ Yoast SEO plugin. -->","yoast_head_json":{"title":"Pol\u00edtica de privacidad - International Planning Committee for Food Sovereignty (IPC)","robots":{"index":"index","follow":"follow","max-snippet":"max-snippet:-1","max-image-preview":"max-image-preview:large","max-video-preview":"max-video-preview:-1"},"canonical":"https:\/\/www.foodsovereignty.org\/es\/privacy-policy\/","og_locale":"es_ES","og_type":"article","og_title":"Pol\u00edtica de privacidad - International Planning Committee for Food Sovereignty (IPC)","og_description":"Qu\u00e9 son las cookies Como es pr\u00e1ctica com\u00fan en casi todos los sitios web profesionales, este sitio utiliza cookies, que son peque\u00f1os archivos descargados en su ordenador, para mejorar su experiencia. Esta p\u00e1gina describe la informaci\u00f3n que recopilan, c\u00f3mo la utilizamos y por qu\u00e9 a veces necesitamos almacenar estas cookies. Tambi\u00e9n le explicaremos c\u00f3mo puede [&hellip;]","og_url":"https:\/\/www.foodsovereignty.org\/es\/privacy-policy\/","og_site_name":"International Planning Committee for Food Sovereignty (IPC)","article_modified_time":"2024-02-02T15:45:23+00:00","twitter_card":"summary_large_image","twitter_misc":{"Tiempo de lectura":"2 minutos"},"schema":{"@context":"https:\/\/schema.org","@graph":[{"@type":"WebPage","@id":"https:\/\/www.foodsovereignty.org\/es\/privacy-policy\/","url":"https:\/\/www.foodsovereignty.org\/es\/privacy-policy\/","name":"Pol\u00edtica de privacidad - International Planning Committee for Food Sovereignty (IPC)","isPartOf":{"@id":"https:\/\/www.foodsovereignty.org\/es\/#website"},"datePublished":"2023-11-09T16:03:11+00:00","dateModified":"2024-02-02T15:45:23+00:00","breadcrumb":{"@id":"https:\/\/www.foodsovereignty.org\/es\/privacy-policy\/#breadcrumb"},"inLanguage":"es","potentialAction":[{"@type":"ReadAction","target":["https:\/\/www.foodsovereignty.org\/es\/privacy-policy\/"]}]},{"@type":"BreadcrumbList","@id":"https:\/\/www.foodsovereignty.org\/es\/privacy-policy\/#breadcrumb","itemListElement":[{"@type":"ListItem","position":1,"name":"Home","item":"https:\/\/www.foodsovereignty.org\/es\/"},{"@type":"ListItem","position":2,"name":"Pol\u00edtica de privacidad"}]},{"@type":"WebSite","@id":"https:\/\/www.foodsovereignty.org\/es\/#website","url":"https:\/\/www.foodsovereignty.org\/es\/","name":"International Planning Committee for Food Sovereignty (IPC)","description":"","potentialAction":[{"@type":"SearchAction","target":{"@type":"EntryPoint","urlTemplate":"https:\/\/www.foodsovereignty.org\/es\/?s={search_term_string}"},"query-input":{"@type":"PropertyValueSpecification","valueRequired":true,"valueName":"search_term_string"}}],"inLanguage":"es"}]}},"_links":{"self":[{"href":"https:\/\/www.foodsovereignty.org\/es\/wp-json\/wp\/v2\/pages\/2999","targetHints":{"allow":["GET"]}}],"collection":[{"href":"https:\/\/www.foodsovereignty.org\/es\/wp-json\/wp\/v2\/pages"}],"about":[{"href":"https:\/\/www.foodsovereignty.org\/es\/wp-json\/wp\/v2\/types\/page"}],"author":[{"embeddable":true,"href":"https:\/\/www.foodsovereignty.org\/es\/wp-json\/wp\/v2\/users\/1"}],"replies":[{"embeddable":true,"href":"https:\/\/www.foodsovereignty.org\/es\/wp-json\/wp\/v2\/comments?post=2999"}],"version-history":[{"count":2,"href":"https:\/\/www.foodsovereignty.org\/es\/wp-json\/wp\/v2\/pages\/2999\/revisions"}],"predecessor-version":[{"id":3003,"href":"https:\/\/www.foodsovereignty.org\/es\/wp-json\/wp\/v2\/pages\/2999\/revisions\/3003"}],"wp:attachment":[{"href":"https:\/\/www.foodsovereignty.org\/es\/wp-json\/wp\/v2\/media?parent=2999"}],"curies":[{"name":"wp","href":"https:\/\/api.w.org\/{rel}","templated":true}]}}