{"id":2998,"date":"2023-11-09T16:03:11","date_gmt":"2023-11-09T16:03:11","guid":{"rendered":"https:\/\/www.foodsovereignty.org\/?page_id=2998"},"modified":"2024-02-02T15:45:23","modified_gmt":"2024-02-02T15:45:23","slug":"privacy-policy","status":"publish","type":"page","link":"https:\/\/www.foodsovereignty.org\/fr\/privacy-policy\/","title":{"rendered":"Politique de confidentialit\u00e9"},"content":{"rendered":"<h3>Les cookies, qu&rsquo;est-ce que c&rsquo;est ?<\/h3>\n<p>Comme c&rsquo;est la pratique courante avec presque tous les sites Web professionnels, ce site utilise des cookies, qui sont de petits fichiers t\u00e9l\u00e9charg\u00e9s sur votre ordinateur, pour am\u00e9liorer votre exp\u00e9rience. Cette page d\u00e9crit les informations qu&rsquo;ils collectent, comment nous les utilisons et pourquoi nous avons parfois besoin de stocker ces cookies. Nous vous expliquerons \u00e9galement comment vous pouvez emp\u00eacher le stockage de ces cookies, mais cela peut entra\u00eener une d\u00e9gradation ou une rupture de certaines fonctionnalit\u00e9s du site.<\/p>\n<p>Pour plus d&rsquo;informations g\u00e9n\u00e9rales sur les cookies, consultez l&rsquo;article Wikipedia sur les cookies HTTP&#8230;<\/p>\n<h3>Comment nous utilisons les cookies<\/h3>\n<p>Nous utilisons des cookies pour diverses raisons, comme d\u00e9taill\u00e9 ci-dessous. Malheureusement, dans la plupart des cas, il n&rsquo;existe pas d&rsquo;options standard de l&rsquo;industrie pour d\u00e9sactiver les cookies sans d\u00e9sactiver compl\u00e8tement les fonctionnalit\u00e9s et les caract\u00e9ristiques qu&rsquo;ils ajoutent \u00e0 ce site. Il est recommand\u00e9 de laisser tous les cookies activ\u00e9s si vous n&rsquo;\u00eates pas s\u00fbr que vous en ayez besoin, au cas o\u00f9 ils seraient utilis\u00e9s pour fournir un service que vous utilisez.<\/p>\n<h3>D\u00e9sactivation des cookies<\/h3>\n<p>Vous pouvez emp\u00eacher la configuration des cookies en ajustant les param\u00e8tres de votre navigateur (consultez l&rsquo;aide de votre navigateur pour savoir comment faire). Sachez que la d\u00e9sactivation des cookies affectera la fonctionnalit\u00e9 de ce site et de nombreux autres sites Web que vous visiterez. La d\u00e9sactivation des cookies entra\u00eenera g\u00e9n\u00e9ralement \u00e9galement la d\u00e9sactivation de certaines fonctionnalit\u00e9s et caract\u00e9ristiques de ce site. Par cons\u00e9quent, il est recommand\u00e9 de ne pas d\u00e9sactiver les cookies.<\/p>\n<h3>Les cookies que nous utilisons<\/h3>\n<p>Afin de vous offrir une excellente exp\u00e9rience sur ce site, nous offrons la possibilit\u00e9 de d\u00e9finir vos pr\u00e9f\u00e9rences pour le fonctionnement de ce site lorsque vous l&rsquo;utilisez. Afin de m\u00e9moriser vos pr\u00e9f\u00e9rences, nous devons d\u00e9finir des cookies pour que ces informations puissent \u00eatre appel\u00e9es chaque fois que vous interagissez avec une page affect\u00e9e par vos pr\u00e9f\u00e9rences.<\/p>\n<h3>Cookies tiers<\/h3>\n<p>Dans certains cas particuliers, nous utilisons \u00e9galement des cookies fournis par des tiers de confiance. La section suivante d\u00e9taille les cookies tiers que vous pourriez rencontrer sur ce site.<\/p>\n<h3>Plus d&rsquo;informations<\/h3>\n<p>Nous esp\u00e9rons que cela clarifie les choses pour vous, comme cela a \u00e9t\u00e9 mentionn\u00e9 pr\u00e9c\u00e9demment. Si vous n&rsquo;\u00eates pas s\u00fbr de savoir si vous avez besoin ou non de quelque chose, il est g\u00e9n\u00e9ralement plus s\u00fbr de laisser les cookies activ\u00e9s au cas o\u00f9 ils interagiraient avec l&rsquo;une des fonctionnalit\u00e9s que vous utilisez sur notre site. Cependant, si vous recherchez toujours plus d&rsquo;informations, vous pouvez nous contacter via l&rsquo;un de nos modes de contact pr\u00e9f\u00e9r\u00e9s.<\/p>\n<p>Email : <a target=\"_new\" rel=\"noopener\">ipc-cip@foodsovereignty.org<\/a><\/p>\n","protected":false},"excerpt":{"rendered":"<p>Les cookies, qu&rsquo;est-ce que c&rsquo;est ? Comme c&rsquo;est la pratique courante avec presque tous les sites Web professionnels, ce site utilise des cookies, qui sont de petits fichiers t\u00e9l\u00e9charg\u00e9s sur votre ordinateur, pour am\u00e9liorer votre exp\u00e9rience. Cette page d\u00e9crit les informations qu&rsquo;ils collectent, comment nous les utilisons et pourquoi nous avons parfois besoin de stocker [&hellip;]<\/p>\n","protected":false},"author":1,"featured_media":0,"parent":0,"menu_order":0,"comment_status":"closed","ping_status":"open","template":"","meta":{"_acf_changed":false,"footnotes":""},"class_list":["post-2998","page","type-page","status-publish","hentry"],"acf":[],"yoast_head":"<!-- This site is optimized with the Yoast SEO plugin v27.4 - https:\/\/yoast.com\/product\/yoast-seo-wordpress\/ -->\n<title>Politique de confidentialit\u00e9 - International Planning Committee for Food Sovereignty (IPC)<\/title>\n<meta name=\"robots\" content=\"index, follow, max-snippet:-1, max-image-preview:large, max-video-preview:-1\" \/>\n<link rel=\"canonical\" href=\"https:\/\/www.foodsovereignty.org\/fr\/privacy-policy\/\" \/>\n<meta property=\"og:locale\" content=\"fr_FR\" \/>\n<meta property=\"og:type\" content=\"article\" \/>\n<meta property=\"og:title\" content=\"Politique de confidentialit\u00e9 - International Planning Committee for Food Sovereignty (IPC)\" \/>\n<meta property=\"og:description\" content=\"Les cookies, qu&rsquo;est-ce que c&rsquo;est ? Comme c&rsquo;est la pratique courante avec presque tous les sites Web professionnels, ce site utilise des cookies, qui sont de petits fichiers t\u00e9l\u00e9charg\u00e9s sur votre ordinateur, pour am\u00e9liorer votre exp\u00e9rience. Cette page d\u00e9crit les informations qu&rsquo;ils collectent, comment nous les utilisons et pourquoi nous avons parfois besoin de stocker [&hellip;]\" \/>\n<meta property=\"og:url\" content=\"https:\/\/www.foodsovereignty.org\/fr\/privacy-policy\/\" \/>\n<meta property=\"og:site_name\" content=\"International Planning Committee for Food Sovereignty (IPC)\" \/>\n<meta property=\"article:modified_time\" content=\"2024-02-02T15:45:23+00:00\" \/>\n<meta name=\"twitter:card\" content=\"summary_large_image\" \/>\n<meta name=\"twitter:label1\" content=\"Dur\u00e9e de lecture estim\u00e9e\" \/>\n\t<meta name=\"twitter:data1\" content=\"2 minutes\" \/>\n<script type=\"application\/ld+json\" class=\"yoast-schema-graph\">{\"@context\":\"https:\\\/\\\/schema.org\",\"@graph\":[{\"@type\":\"WebPage\",\"@id\":\"https:\\\/\\\/www.foodsovereignty.org\\\/fr\\\/privacy-policy\\\/\",\"url\":\"https:\\\/\\\/www.foodsovereignty.org\\\/fr\\\/privacy-policy\\\/\",\"name\":\"Politique de confidentialit\u00e9 - International Planning Committee for Food Sovereignty (IPC)\",\"isPartOf\":{\"@id\":\"https:\\\/\\\/www.foodsovereignty.org\\\/fr\\\/#website\"},\"datePublished\":\"2023-11-09T16:03:11+00:00\",\"dateModified\":\"2024-02-02T15:45:23+00:00\",\"breadcrumb\":{\"@id\":\"https:\\\/\\\/www.foodsovereignty.org\\\/fr\\\/privacy-policy\\\/#breadcrumb\"},\"inLanguage\":\"fr-FR\",\"potentialAction\":[{\"@type\":\"ReadAction\",\"target\":[\"https:\\\/\\\/www.foodsovereignty.org\\\/fr\\\/privacy-policy\\\/\"]}]},{\"@type\":\"BreadcrumbList\",\"@id\":\"https:\\\/\\\/www.foodsovereignty.org\\\/fr\\\/privacy-policy\\\/#breadcrumb\",\"itemListElement\":[{\"@type\":\"ListItem\",\"position\":1,\"name\":\"Home\",\"item\":\"https:\\\/\\\/www.foodsovereignty.org\\\/fr\\\/\"},{\"@type\":\"ListItem\",\"position\":2,\"name\":\"Politique de confidentialit\u00e9\"}]},{\"@type\":\"WebSite\",\"@id\":\"https:\\\/\\\/www.foodsovereignty.org\\\/fr\\\/#website\",\"url\":\"https:\\\/\\\/www.foodsovereignty.org\\\/fr\\\/\",\"name\":\"International Planning Committee for Food Sovereignty (IPC)\",\"description\":\"\",\"potentialAction\":[{\"@type\":\"SearchAction\",\"target\":{\"@type\":\"EntryPoint\",\"urlTemplate\":\"https:\\\/\\\/www.foodsovereignty.org\\\/fr\\\/?s={search_term_string}\"},\"query-input\":{\"@type\":\"PropertyValueSpecification\",\"valueRequired\":true,\"valueName\":\"search_term_string\"}}],\"inLanguage\":\"fr-FR\"}]}<\/script>\n<!-- \/ Yoast SEO plugin. -->","yoast_head_json":{"title":"Politique de confidentialit\u00e9 - International Planning Committee for Food Sovereignty (IPC)","robots":{"index":"index","follow":"follow","max-snippet":"max-snippet:-1","max-image-preview":"max-image-preview:large","max-video-preview":"max-video-preview:-1"},"canonical":"https:\/\/www.foodsovereignty.org\/fr\/privacy-policy\/","og_locale":"fr_FR","og_type":"article","og_title":"Politique de confidentialit\u00e9 - International Planning Committee for Food Sovereignty (IPC)","og_description":"Les cookies, qu&rsquo;est-ce que c&rsquo;est ? Comme c&rsquo;est la pratique courante avec presque tous les sites Web professionnels, ce site utilise des cookies, qui sont de petits fichiers t\u00e9l\u00e9charg\u00e9s sur votre ordinateur, pour am\u00e9liorer votre exp\u00e9rience. Cette page d\u00e9crit les informations qu&rsquo;ils collectent, comment nous les utilisons et pourquoi nous avons parfois besoin de stocker [&hellip;]","og_url":"https:\/\/www.foodsovereignty.org\/fr\/privacy-policy\/","og_site_name":"International Planning Committee for Food Sovereignty (IPC)","article_modified_time":"2024-02-02T15:45:23+00:00","twitter_card":"summary_large_image","twitter_misc":{"Dur\u00e9e de lecture estim\u00e9e":"2 minutes"},"schema":{"@context":"https:\/\/schema.org","@graph":[{"@type":"WebPage","@id":"https:\/\/www.foodsovereignty.org\/fr\/privacy-policy\/","url":"https:\/\/www.foodsovereignty.org\/fr\/privacy-policy\/","name":"Politique de confidentialit\u00e9 - International Planning Committee for Food Sovereignty (IPC)","isPartOf":{"@id":"https:\/\/www.foodsovereignty.org\/fr\/#website"},"datePublished":"2023-11-09T16:03:11+00:00","dateModified":"2024-02-02T15:45:23+00:00","breadcrumb":{"@id":"https:\/\/www.foodsovereignty.org\/fr\/privacy-policy\/#breadcrumb"},"inLanguage":"fr-FR","potentialAction":[{"@type":"ReadAction","target":["https:\/\/www.foodsovereignty.org\/fr\/privacy-policy\/"]}]},{"@type":"BreadcrumbList","@id":"https:\/\/www.foodsovereignty.org\/fr\/privacy-policy\/#breadcrumb","itemListElement":[{"@type":"ListItem","position":1,"name":"Home","item":"https:\/\/www.foodsovereignty.org\/fr\/"},{"@type":"ListItem","position":2,"name":"Politique de confidentialit\u00e9"}]},{"@type":"WebSite","@id":"https:\/\/www.foodsovereignty.org\/fr\/#website","url":"https:\/\/www.foodsovereignty.org\/fr\/","name":"International Planning Committee for Food Sovereignty (IPC)","description":"","potentialAction":[{"@type":"SearchAction","target":{"@type":"EntryPoint","urlTemplate":"https:\/\/www.foodsovereignty.org\/fr\/?s={search_term_string}"},"query-input":{"@type":"PropertyValueSpecification","valueRequired":true,"valueName":"search_term_string"}}],"inLanguage":"fr-FR"}]}},"_links":{"self":[{"href":"https:\/\/www.foodsovereignty.org\/fr\/wp-json\/wp\/v2\/pages\/2998","targetHints":{"allow":["GET"]}}],"collection":[{"href":"https:\/\/www.foodsovereignty.org\/fr\/wp-json\/wp\/v2\/pages"}],"about":[{"href":"https:\/\/www.foodsovereignty.org\/fr\/wp-json\/wp\/v2\/types\/page"}],"author":[{"embeddable":true,"href":"https:\/\/www.foodsovereignty.org\/fr\/wp-json\/wp\/v2\/users\/1"}],"replies":[{"embeddable":true,"href":"https:\/\/www.foodsovereignty.org\/fr\/wp-json\/wp\/v2\/comments?post=2998"}],"version-history":[{"count":2,"href":"https:\/\/www.foodsovereignty.org\/fr\/wp-json\/wp\/v2\/pages\/2998\/revisions"}],"predecessor-version":[{"id":3002,"href":"https:\/\/www.foodsovereignty.org\/fr\/wp-json\/wp\/v2\/pages\/2998\/revisions\/3002"}],"wp:attachment":[{"href":"https:\/\/www.foodsovereignty.org\/fr\/wp-json\/wp\/v2\/media?parent=2998"}],"curies":[{"name":"wp","href":"https:\/\/api.w.org\/{rel}","templated":true}]}}